{"id":146,"date":"2019-10-31T16:00:05","date_gmt":"2019-10-31T16:00:05","guid":{"rendered":"https:\/\/www.ovaltubesuk.com\/?page_id=146"},"modified":"2020-09-25T09:01:11","modified_gmt":"2020-09-25T09:01:11","slug":"accessibility","status":"publish","type":"page","link":"https:\/\/www.ovaltubesuk.com\/fr\/accessibilite\/","title":{"rendered":"Accessibilit\u00e9"},"content":{"rendered":"<h3>Conception de sites Web accessibles<\/h3>\n<p>Nous nous engageons \u00e0 faire en sorte que notre site Web soit accessible et inclusif pour tous les utilisateurs. Il est de notre intention que ce site suive les directives \u00e9tablies par l&#039;Initiative pour l&#039;accessibilit\u00e9 du Web du W3C (WAI), l&#039;Institut national royal pour les aveugles (RNIB) et la Loi sur la discrimination des personnes handicap\u00e9es (DDA, partie III).<\/p>\n<h3>Probl\u00e8mes d&#039;acc\u00e8s \u00e0 ce site Web<\/h3>\n<p>Nous voulons rendre ce site aussi accessible que possible. Veuillez nous faire savoir si nous pouvons faire quelque chose pour vous faciliter l&#039;acc\u00e8s.<\/p>","protected":false},"excerpt":{"rendered":"Accessible website design We are committed to ensuring that our website is accessible and inclusive to all users. It is our intention that this site follows guidelines laid down by the W3C Web Accessibility Initiative (WAI), Royal National Institute for the Blind (RNIB), and the Disability Discrimination Act (DDA, Part III). Problems accessing this website&#8230; <a class=\"view-article\" href=\"https:\/\/www.ovaltubesuk.com\/fr\/accessibilite\/\">View Article<\/a>","protected":false},"author":1,"featured_media":0,"parent":0,"menu_order":0,"comment_status":"closed","ping_status":"closed","template":"","meta":{"_acf_changed":false,"footnotes":""},"class_list":["post-146","page","type-page","status-publish","hentry"],"acf":[],"yoast_head":"<!-- This site is optimized with the Yoast SEO plugin v26.9 - https:\/\/yoast.com\/product\/yoast-seo-wordpress\/ -->\n<title>Accessibility | Oval Tubes (UK)<\/title>\n<meta name=\"description\" content=\"We are committed to ensuring that our website is accessible and inclusive to all users.\" \/>\n<meta name=\"robots\" content=\"index, follow, max-snippet:-1, max-image-preview:large, max-video-preview:-1\" \/>\n<link rel=\"canonical\" href=\"https:\/\/www.ovaltubesuk.com\/fr\/accessibilite\/\" \/>\n<meta property=\"og:locale\" content=\"fr_FR\" \/>\n<meta property=\"og:type\" content=\"article\" \/>\n<meta property=\"og:title\" content=\"Accessibility | Oval Tubes (UK)\" \/>\n<meta property=\"og:description\" content=\"We are committed to ensuring that our website is accessible and inclusive to all users.\" \/>\n<meta property=\"og:url\" content=\"https:\/\/www.ovaltubesuk.com\/fr\/accessibilite\/\" \/>\n<meta property=\"og:site_name\" content=\"Oval Tubes (UK)\" \/>\n<meta property=\"article:modified_time\" content=\"2020-09-25T09:01:11+00:00\" \/>\n<meta name=\"twitter:card\" content=\"summary_large_image\" \/>\n<script type=\"application\/ld+json\" class=\"yoast-schema-graph\">{\"@context\":\"https:\/\/schema.org\",\"@graph\":[{\"@type\":\"WebPage\",\"@id\":\"https:\/\/www.ovaltubesuk.com\/accessibility\/\",\"url\":\"https:\/\/www.ovaltubesuk.com\/accessibility\/\",\"name\":\"Accessibility | Oval Tubes (UK)\",\"isPartOf\":{\"@id\":\"https:\/\/www.ovaltubesuk.com\/#website\"},\"datePublished\":\"2019-10-31T16:00:05+00:00\",\"dateModified\":\"2020-09-25T09:01:11+00:00\",\"description\":\"We are committed to ensuring that our website is accessible and inclusive to all users.\",\"breadcrumb\":{\"@id\":\"https:\/\/www.ovaltubesuk.com\/accessibility\/#breadcrumb\"},\"inLanguage\":\"fr-FR\",\"potentialAction\":[{\"@type\":\"ReadAction\",\"target\":[\"https:\/\/www.ovaltubesuk.com\/accessibility\/\"]}]},{\"@type\":\"BreadcrumbList\",\"@id\":\"https:\/\/www.ovaltubesuk.com\/accessibility\/#breadcrumb\",\"itemListElement\":[{\"@type\":\"ListItem\",\"position\":1,\"name\":\"Home\",\"item\":\"https:\/\/www.ovaltubesuk.com\/\"},{\"@type\":\"ListItem\",\"position\":2,\"name\":\"Accessibility\"}]},{\"@type\":\"WebSite\",\"@id\":\"https:\/\/www.ovaltubesuk.com\/#website\",\"url\":\"https:\/\/www.ovaltubesuk.com\/\",\"name\":\"Oval Tubes (UK)\",\"description\":\"Manufacturers of oval and flat-sided steel tubes\",\"publisher\":{\"@id\":\"https:\/\/www.ovaltubesuk.com\/#organization\"},\"potentialAction\":[{\"@type\":\"SearchAction\",\"target\":{\"@type\":\"EntryPoint\",\"urlTemplate\":\"https:\/\/www.ovaltubesuk.com\/?s={search_term_string}\"},\"query-input\":{\"@type\":\"PropertyValueSpecification\",\"valueRequired\":true,\"valueName\":\"search_term_string\"}}],\"inLanguage\":\"fr-FR\"},{\"@type\":\"Organization\",\"@id\":\"https:\/\/www.ovaltubesuk.com\/#organization\",\"name\":\"Oval Tubes (UK) Limited\",\"url\":\"https:\/\/www.ovaltubesuk.com\/\",\"logo\":{\"@type\":\"ImageObject\",\"inLanguage\":\"fr-FR\",\"@id\":\"https:\/\/www.ovaltubesuk.com\/#\/schema\/logo\/image\/\",\"url\":\"\",\"contentUrl\":\"\",\"caption\":\"Oval Tubes (UK) Limited\"},\"image\":{\"@id\":\"https:\/\/www.ovaltubesuk.com\/#\/schema\/logo\/image\/\"}}]}<\/script>\n<!-- \/ Yoast SEO plugin. -->","yoast_head_json":{"title":"Accessibility | Oval Tubes (UK)","description":"We are committed to ensuring that our website is accessible and inclusive to all users.","robots":{"index":"index","follow":"follow","max-snippet":"max-snippet:-1","max-image-preview":"max-image-preview:large","max-video-preview":"max-video-preview:-1"},"canonical":"https:\/\/www.ovaltubesuk.com\/fr\/accessibilite\/","og_locale":"fr_FR","og_type":"article","og_title":"Accessibility | Oval Tubes (UK)","og_description":"We are committed to ensuring that our website is accessible and inclusive to all users.","og_url":"https:\/\/www.ovaltubesuk.com\/fr\/accessibilite\/","og_site_name":"Oval Tubes (UK)","article_modified_time":"2020-09-25T09:01:11+00:00","twitter_card":"summary_large_image","schema":{"@context":"https:\/\/schema.org","@graph":[{"@type":"WebPage","@id":"https:\/\/www.ovaltubesuk.com\/accessibility\/","url":"https:\/\/www.ovaltubesuk.com\/accessibility\/","name":"Accessibility | Oval Tubes (UK)","isPartOf":{"@id":"https:\/\/www.ovaltubesuk.com\/#website"},"datePublished":"2019-10-31T16:00:05+00:00","dateModified":"2020-09-25T09:01:11+00:00","description":"We are committed to ensuring that our website is accessible and inclusive to all users.","breadcrumb":{"@id":"https:\/\/www.ovaltubesuk.com\/accessibility\/#breadcrumb"},"inLanguage":"fr-FR","potentialAction":[{"@type":"ReadAction","target":["https:\/\/www.ovaltubesuk.com\/accessibility\/"]}]},{"@type":"BreadcrumbList","@id":"https:\/\/www.ovaltubesuk.com\/accessibility\/#breadcrumb","itemListElement":[{"@type":"ListItem","position":1,"name":"Home","item":"https:\/\/www.ovaltubesuk.com\/"},{"@type":"ListItem","position":2,"name":"Accessibility"}]},{"@type":"WebSite","@id":"https:\/\/www.ovaltubesuk.com\/#website","url":"https:\/\/www.ovaltubesuk.com\/","name":"Oval Tubes (UK)","description":"Manufacturers of oval and flat-sided steel tubes","publisher":{"@id":"https:\/\/www.ovaltubesuk.com\/#organization"},"potentialAction":[{"@type":"SearchAction","target":{"@type":"EntryPoint","urlTemplate":"https:\/\/www.ovaltubesuk.com\/?s={search_term_string}"},"query-input":{"@type":"PropertyValueSpecification","valueRequired":true,"valueName":"search_term_string"}}],"inLanguage":"fr-FR"},{"@type":"Organization","@id":"https:\/\/www.ovaltubesuk.com\/#organization","name":"Oval Tubes (UK) Limited","url":"https:\/\/www.ovaltubesuk.com\/","logo":{"@type":"ImageObject","inLanguage":"fr-FR","@id":"https:\/\/www.ovaltubesuk.com\/#\/schema\/logo\/image\/","url":"","contentUrl":"","caption":"Oval Tubes (UK) Limited"},"image":{"@id":"https:\/\/www.ovaltubesuk.com\/#\/schema\/logo\/image\/"}}]}},"_links":{"self":[{"href":"https:\/\/www.ovaltubesuk.com\/fr\/wp-json\/wp\/v2\/pages\/146","targetHints":{"allow":["GET"]}}],"collection":[{"href":"https:\/\/www.ovaltubesuk.com\/fr\/wp-json\/wp\/v2\/pages"}],"about":[{"href":"https:\/\/www.ovaltubesuk.com\/fr\/wp-json\/wp\/v2\/types\/page"}],"author":[{"embeddable":true,"href":"https:\/\/www.ovaltubesuk.com\/fr\/wp-json\/wp\/v2\/users\/1"}],"replies":[{"embeddable":true,"href":"https:\/\/www.ovaltubesuk.com\/fr\/wp-json\/wp\/v2\/comments?post=146"}],"version-history":[{"count":3,"href":"https:\/\/www.ovaltubesuk.com\/fr\/wp-json\/wp\/v2\/pages\/146\/revisions"}],"predecessor-version":[{"id":149,"href":"https:\/\/www.ovaltubesuk.com\/fr\/wp-json\/wp\/v2\/pages\/146\/revisions\/149"}],"wp:attachment":[{"href":"https:\/\/www.ovaltubesuk.com\/fr\/wp-json\/wp\/v2\/media?parent=146"}],"curies":[{"name":"wp","href":"https:\/\/api.w.org\/{rel}","templated":true}]}}